{"id":136,"date":"2015-02-19T14:20:01","date_gmt":"2015-02-19T13:20:01","guid":{"rendered":"http:\/\/www.kram.de\/?page_id=136"},"modified":"2023-07-11T16:55:51","modified_gmt":"2023-07-11T14:55:51","slug":"motorraeder","status":"publish","type":"page","link":"http:\/\/www.kram.de\/?page_id=136","title":{"rendered":"Motorr\u00e4der"},"content":{"rendered":"\n<p><strong>Nr. 16<\/strong>, auf der Messe 2022 in K\u00f6ln hat sie auf Anhieb meine volle Aufmerksamkeit auf sich gezogen. Gewichtsm\u00e4\u00dfig mit 235 kg genau zwischen Nr. 14 und 15, Semi-Aktives \u00d6hlins-Fahrwerk, die erste Guzzi nach 100 Jahren Firmengeschichte mit Wasserk\u00fchlung und um 90\u00b0 gedrehte Zylinderk\u00f6pfe. Neu gekauft im Juni 2023 in der Eagle-Days-Aktion (Pr\u00e4mie f\u00fcr Inzahlunggabe) war der Aufpreis zu Nr 14 + 15 minimal. Nun also das erste Mal im Leben ein italienisches Motorrad.<\/p>\n\n\n\n<p><\/p>\n\n\n\n<figure class=\"wp-block-image size-large\"><a href=\"http:\/\/www.kram.de\/wp-content\/uploads\/2023\/06\/V100-gruen.jpg\"><img loading=\"lazy\" decoding=\"async\" width=\"1024\" height=\"683\" src=\"http:\/\/www.kram.de\/wp-content\/uploads\/2023\/06\/V100-gruen-1024x683.jpg\" alt=\"\" class=\"wp-image-612\" srcset=\"http:\/\/www.kram.de\/wp-content\/uploads\/2023\/06\/V100-gruen-1024x683.jpg 1024w, http:\/\/www.kram.de\/wp-content\/uploads\/2023\/06\/V100-gruen-300x200.jpg 300w, http:\/\/www.kram.de\/wp-content\/uploads\/2023\/06\/V100-gruen-768x512.jpg 768w, http:\/\/www.kram.de\/wp-content\/uploads\/2023\/06\/V100-gruen-150x100.jpg 150w, http:\/\/www.kram.de\/wp-content\/uploads\/2023\/06\/V100-gruen-225x150.jpg 225w, http:\/\/www.kram.de\/wp-content\/uploads\/2023\/06\/V100-gruen.jpg 1200w\" sizes=\"auto, (max-width: 1024px) 100vw, 1024px\" \/><\/a><\/figure>\n\n\n\n<p><strong>Nr. 15<\/strong>, Zun\u00e4chst als Zweit-Motorrad gekauft, 100 kg leichter als der Crosstourer und somit prima f\u00fcr kleinere Touren auf der Landstra\u00dfe und f\u00fcr die Mitnahme auf dem Anh\u00e4nger in den Urlaub: Yamaha XSR 700 XTribute, Bj. 2019, im Fr\u00fchling 2022 gebraucht gekauft mit knapp 11.000 km. Der Erstbesitzer hatte bereits einen Akrapovic-Auspuff mit gekauft in wundersch\u00f6n passender hochgezogener Scrambler-Optik. Seit 1985 hatte ich nur noch Kardan-Motorr\u00e4der &#8211; nun die erste wieder mit Kette. Kurz nach dem Verkauf vom Crosstourer habe ich die XSR mit 15.000 km in Zahlung gegeben f\u00fcr die neue Nr. 16.<\/p>\n\n\n\n<p><strong>Fazit: <\/strong>Der CP2-Motor von Yamaha ist ein echtes Sahnest\u00fcck, Leistung immer ausreichend und breites Dehzahlband. Au\u00dferdem sparsam im Verbrauch &#8211; selten \u00fcber 4 Liter (wird im Freundeskreis nur noch getoppt von der Honda NC750). Die 4.000 km haben sehr viel Spa\u00df gemacht. H\u00e4tte ich sie behalten, w\u00e4re noch ein \u00d6hlins-Fahrwerk reingekommen. Da von der km-Leistung und finanziell zwei Motorr\u00e4der bei mir wenig Sinn machen, wurde Sie <\/p>\n\n\n\n<figure class=\"wp-block-image size-large\"><a href=\"http:\/\/www.kram.de\/wp-content\/uploads\/2022\/05\/xsr700xtribute-1.jpg\"><img loading=\"lazy\" decoding=\"async\" width=\"1024\" height=\"772\" src=\"http:\/\/www.kram.de\/wp-content\/uploads\/2022\/05\/xsr700xtribute-1-1024x772.jpg\" alt=\"\" class=\"wp-image-570\" srcset=\"http:\/\/www.kram.de\/wp-content\/uploads\/2022\/05\/xsr700xtribute-1-1024x772.jpg 1024w, http:\/\/www.kram.de\/wp-content\/uploads\/2022\/05\/xsr700xtribute-1-300x226.jpg 300w, http:\/\/www.kram.de\/wp-content\/uploads\/2022\/05\/xsr700xtribute-1-768x579.jpg 768w, http:\/\/www.kram.de\/wp-content\/uploads\/2022\/05\/xsr700xtribute-1-150x113.jpg 150w, http:\/\/www.kram.de\/wp-content\/uploads\/2022\/05\/xsr700xtribute-1-199x150.jpg 199w, http:\/\/www.kram.de\/wp-content\/uploads\/2022\/05\/xsr700xtribute-1.jpg 1332w\" sizes=\"auto, (max-width: 1024px) 100vw, 1024px\" \/><\/a><\/figure>\n\n\n\n<p><strong>Nr. 14:<\/strong> Honda VRF 1200 XD DCT (mit DSG-Getriebe), Bj. 2014, ~ 130 PS, 02-2015 neu gekauft in der Honda-Wanted-Rabatt-Aktion inkl. diversem Zusatzzubeh\u00f6r (Hauptst\u00e4nder, usw.). Diverse Erg\u00e4nzungen\/ Verbesserungen in Laufe der Jahre (Givi Airflow Scheibe, schwarzer Zubeh\u00f6rauspuff Leovince, Wilbers-Federbein, Andreani-Gabel-Cartridges [vielen Dank an Klaus Thiele von <a rel=\"noreferrer noopener\" href=\"http:\/\/www.kt-suspension.de\" data-type=\"URL\" data-id=\"www.kt-suspension.de\" target=\"_blank\">www.kt-suspension.de<\/a>, meinem Fahrwerksspezialisten], Sturzb\u00fcgel, Bodenschutz, Topcase Givi, gebrauchte Original-Honda-Koffer, usw.). Im Mai 2023 mit 28.000 km verkauft nach Polen. <\/p>\n\n\n\n<p><strong>Fazit:<\/strong> Super Motor und geiles Getriebe &#8211; hat sehr viel Spa\u00df gemacht. Da ich aber nun keine Gro\u00dftouren mehr von zu Hause aus starte, machte der Sport-Reisedampfer keinen Sinn mehr und ich fuhr zuletzt fast ausschlie\u00dflich mit der 100 kg leichteren XSR, die auf dem Anh\u00e4nger mit in den Urlaub kommt. Nach Jahrzehnten des Aufstiegs mit immer mehr Hubraum \/ Power war der Crosstourer der erste Schritt wieder zur\u00fcck und jetzt geht der Trend bei mir weiter &#8211; weniger ist manchmal mehr.<\/p>\n\n\n\n<figure class=\"wp-block-image\"><a href=\"http:\/\/www.kram.de\/wp-content\/uploads\/2015\/02\/bike13org.jpg\"><img loading=\"lazy\" decoding=\"async\" width=\"500\" height=\"324\" src=\"http:\/\/www.kram.de\/wp-content\/uploads\/2015\/02\/bike13org.jpg\" alt=\"bike13org\" class=\"wp-image-184\" srcset=\"http:\/\/www.kram.de\/wp-content\/uploads\/2015\/02\/bike13org.jpg 500w, http:\/\/www.kram.de\/wp-content\/uploads\/2015\/02\/bike13org-300x194.jpg 300w, http:\/\/www.kram.de\/wp-content\/uploads\/2015\/02\/bike13org-231x150.jpg 231w, http:\/\/www.kram.de\/wp-content\/uploads\/2015\/02\/bike13org-150x97.jpg 150w\" sizes=\"auto, (max-width: 500px) 100vw, 500px\" \/><\/a><\/figure>\n\n\n\n<p class=\"has-text-align-center\"><\/p>\n\n\n\n<p><strong>Nr. 13<\/strong>, Zweit-Mopped\/ Roller: f\u00fcr gelegentliche Stadtfahrten am B\u00fcrostandort und zum Runterbringen einer &#8222;Reserve&#8220;-KFZ-Versicherung gekauft. Honda SH125i, Bj. 2009, 14 PS. 2015 gekauft f\u00fcr 1.400 Euro mit 9300 km, hohe Scheibe und Topcase erg\u00e4nzt, 2020 mit 9800 km verkauft f\u00fcr 1.500 Euro.<\/p>\n\n\n\n<p><strong>Fazit:<\/strong> hat seinen Zweck erf\u00fcllt &#8211; unkompliziertes Teil. Unter 500 km in 5 Jahren zeugen von geringer Nutzung. Da mein Sohn kein Interesse am Zweiradf\u00fchrerschein zeigte, aber wieder verkauft.<\/p>\n\n\n\n<figure class=\"wp-block-image size-large\"><a href=\"http:\/\/www.kram.de\/wp-content\/uploads\/2022\/05\/sh125i.jpg\"><img loading=\"lazy\" decoding=\"async\" width=\"1024\" height=\"793\" src=\"http:\/\/www.kram.de\/wp-content\/uploads\/2022\/05\/sh125i-1024x793.jpg\" alt=\"\" class=\"wp-image-559\" srcset=\"http:\/\/www.kram.de\/wp-content\/uploads\/2022\/05\/sh125i-1024x793.jpg 1024w, http:\/\/www.kram.de\/wp-content\/uploads\/2022\/05\/sh125i-300x232.jpg 300w, http:\/\/www.kram.de\/wp-content\/uploads\/2022\/05\/sh125i-768x595.jpg 768w, http:\/\/www.kram.de\/wp-content\/uploads\/2022\/05\/sh125i-150x116.jpg 150w, http:\/\/www.kram.de\/wp-content\/uploads\/2022\/05\/sh125i-194x150.jpg 194w, http:\/\/www.kram.de\/wp-content\/uploads\/2022\/05\/sh125i.jpg 1374w\" sizes=\"auto, (max-width: 1024px) 100vw, 1024px\" \/><\/a><\/figure>\n\n\n\n<hr class=\"wp-block-separator has-css-opacity\"\/>\n\n\n\n<p><strong>Nr. 12:<\/strong> Triumph Rocket III, Bj. 2004, ~ 140 PS, 2003 bestellt und 6-2004 neu geliefert, <a href=\"http:\/\/www.rocket3.org\" target=\"_blank\" rel=\"noopener\">www.rocket3.org<\/a> gegr\u00fcndet, viele Umbauten, viel erlebt, viele nette Leute kennengelernt, allerdings recht wenige km in den 11 Jahren wegen Zeitmangel (Kids, Job, usw.). 12-2014 verkauft mit ~40.000 km.<br><strong>Fazit:<\/strong> 2300 ccm mit 200 Nm Drehmoment sprechen f\u00fcr sich &#8211; muss man erlebt haben. Trotz H\u00f6herlegung und Wilbers-Fahrwerk aber mit dem 240er Hinterreifen nicht so handlich wie zuvor die F6C.<\/p>\n\n\n\n<p>Umbauten\/ Optimierungen mit Fotos, die bei mir im Laufe der Jahre entstanden sind, finden sich noch hier:<\/p>\n\n\n\n<ul class=\"wp-block-list\">\n<li><a href=\"http:\/\/www.rocket3.org\/meine\/meine.htm\" target=\"_blank\" rel=\"noopener\">Entwicklungsgeschichte<\/a><\/li>\n\n\n\n<li><a href=\"http:\/\/www.rocket3.org\/meine\/backrest.htm\" target=\"_blank\" rel=\"noopener\">Fahrer-R\u00fcckenlehne<\/a><\/li>\n\n\n\n<li><a href=\"http:\/\/www.rocket3.org\/meine\/heckhoch.htm\" target=\"_blank\" rel=\"noopener\">Heckh\u00f6herlegung<\/a><\/li>\n\n\n\n<li><a href=\"http:\/\/www.rocket3.org\/meine\/heckumb.htm\" target=\"_blank\" rel=\"noopener\">Heckumbau (freie Sicht auf\u00b4s Hinterrad)<\/a><\/li>\n\n\n\n<li><a href=\"http:\/\/www.rocket3.org\/meine\/scheibe.htm\" target=\"_blank\" rel=\"noopener\">Hohe Scheibe<\/a><\/li>\n\n\n\n<li><a href=\"http:\/\/www.rocket3.org\/meine\/hebebuehne.htm\" target=\"_blank\" rel=\"noopener\">Hebeb\u00fchne<\/a><\/li>\n<\/ul>\n\n\n<div class=\"wp-block-image\">\n<figure class=\"aligncenter\"><a href=\"http:\/\/www.kram.de\/wp-content\/uploads\/2015\/02\/bike12.jpg\"><img loading=\"lazy\" decoding=\"async\" width=\"500\" height=\"396\" src=\"http:\/\/www.kram.de\/wp-content\/uploads\/2015\/02\/bike12.jpg\" alt=\"bike12\" class=\"wp-image-179\" srcset=\"http:\/\/www.kram.de\/wp-content\/uploads\/2015\/02\/bike12.jpg 500w, http:\/\/www.kram.de\/wp-content\/uploads\/2015\/02\/bike12-300x238.jpg 300w, http:\/\/www.kram.de\/wp-content\/uploads\/2015\/02\/bike12-189x150.jpg 189w, http:\/\/www.kram.de\/wp-content\/uploads\/2015\/02\/bike12-150x119.jpg 150w\" sizes=\"auto, (max-width: 500px) 100vw, 500px\" \/><\/a><\/figure>\n<\/div>\n\n\n<hr class=\"wp-block-separator has-css-opacity\"\/>\n\n\n\n<p><strong>Nr. 11:<\/strong> Honda F6C Valkyrie, Bj. 1999, 98 PS, 12-2000 gekauft mit 33.000 km, investiert in neues und h\u00f6heres Fahrwerk, Scheibe, \u2026 12-2003 verkauft mit 56.000 km.<br><strong>Fazit:<\/strong> damit geht au\u00dfer Offroad einfach alles &#8211; vom Bummeln bis zum P\u00e4sse heizen und dort GS\u00b4s jagen. Nachtr\u00e4glich betrachtet h\u00e4tte ich sie nie verkaufen sollen, war schon was ganz Besonderes.<br><\/p>\n\n\n<div class=\"wp-block-image\">\n<figure class=\"aligncenter\"><a href=\"http:\/\/www.kram.de\/wp-content\/uploads\/2015\/02\/bike11.jpg\"><img loading=\"lazy\" decoding=\"async\" width=\"496\" height=\"355\" src=\"http:\/\/www.kram.de\/wp-content\/uploads\/2015\/02\/bike11.jpg\" alt=\"bike11\" class=\"wp-image-178\" srcset=\"http:\/\/www.kram.de\/wp-content\/uploads\/2015\/02\/bike11.jpg 496w, http:\/\/www.kram.de\/wp-content\/uploads\/2015\/02\/bike11-300x215.jpg 300w, http:\/\/www.kram.de\/wp-content\/uploads\/2015\/02\/bike11-210x150.jpg 210w, http:\/\/www.kram.de\/wp-content\/uploads\/2015\/02\/bike11-150x107.jpg 150w\" sizes=\"auto, (max-width: 496px) 100vw, 496px\" \/><\/a><\/figure>\n<\/div>\n\n\n<hr class=\"wp-block-separator has-css-opacity\"\/>\n\n\n\n<p><strong>Nr. 10:<\/strong> Suzuki GSX1100G (Kardan), 125 PS. 06-1994 neu gekauft, Pichler V1 &#8211; Verkleidung und Musikanlage investiert, 10-2000 verkauft mit 23.300 km.<br><strong>Fazit:<\/strong> ein Hammer von einem Motor &#8211; Fahrwerk gew\u00f6hnungsbed\u00fcrftig und dem Motor nicht ganz gewachsen &#8211; hoher Schwerpunkt f\u00fchrte zu einigen Umfallern.<\/p>\n\n\n<div class=\"wp-block-image\">\n<figure class=\"aligncenter\"><a href=\"http:\/\/www.kram.de\/wp-content\/uploads\/2015\/02\/bike10.jpg\"><img loading=\"lazy\" decoding=\"async\" width=\"300\" height=\"182\" src=\"http:\/\/www.kram.de\/wp-content\/uploads\/2015\/02\/bike10.jpg\" alt=\"bike10\" class=\"wp-image-177\" srcset=\"http:\/\/www.kram.de\/wp-content\/uploads\/2015\/02\/bike10.jpg 300w, http:\/\/www.kram.de\/wp-content\/uploads\/2015\/02\/bike10-247x150.jpg 247w, http:\/\/www.kram.de\/wp-content\/uploads\/2015\/02\/bike10-150x91.jpg 150w\" sizes=\"auto, (max-width: 300px) 100vw, 300px\" \/><\/a><\/figure>\n<\/div>\n\n\n<hr class=\"wp-block-separator has-css-opacity\"\/>\n\n\n\n<p><strong>Nr. 9:<\/strong> Kawasaki GT750, Bj. 1989, 78 PS, 03-1993 gekauft mit 12.000 km, 06-1994 verkauft mit 22.000 km.<br><strong>Fazit:<\/strong> wie Nr. 4 ein unkompliziertes Alltagsmotorrad &#8211; es wich nur dem Reiz nach mehr Power<br><\/p>\n\n\n<div class=\"wp-block-image\">\n<figure class=\"aligncenter\"><a href=\"http:\/\/www.kram.de\/wp-content\/uploads\/2015\/02\/bike09.jpg\"><img loading=\"lazy\" decoding=\"async\" width=\"300\" height=\"213\" src=\"http:\/\/www.kram.de\/wp-content\/uploads\/2015\/02\/bike09.jpg\" alt=\"bike09\" class=\"wp-image-176\" srcset=\"http:\/\/www.kram.de\/wp-content\/uploads\/2015\/02\/bike09.jpg 300w, http:\/\/www.kram.de\/wp-content\/uploads\/2015\/02\/bike09-211x150.jpg 211w, http:\/\/www.kram.de\/wp-content\/uploads\/2015\/02\/bike09-150x107.jpg 150w\" sizes=\"auto, (max-width: 300px) 100vw, 300px\" \/><\/a><\/figure>\n<\/div>\n\n\n<hr class=\"wp-block-separator has-css-opacity\"\/>\n\n\n\n<p><strong>Nr. 8:<\/strong> Yamaha TR1, Bj. 1984, 72 PS, 05-1992 gekauft mit 31.800 km, 09-1992 verkauft mit 36.300 km.<br><strong>Fazit:<\/strong> einen Sommer lang konnte ich den Kult dieses Modells nachvollziehen &#8211; aber ich wurde kein eingefleischter Liebhaber<\/p>\n\n\n<div class=\"wp-block-image\">\n<figure class=\"aligncenter\"><a href=\"http:\/\/www.kram.de\/wp-content\/uploads\/2015\/02\/bike08.jpg\"><img loading=\"lazy\" decoding=\"async\" width=\"300\" height=\"212\" src=\"http:\/\/www.kram.de\/wp-content\/uploads\/2015\/02\/bike08.jpg\" alt=\"bike08\" class=\"wp-image-175\" srcset=\"http:\/\/www.kram.de\/wp-content\/uploads\/2015\/02\/bike08.jpg 300w, http:\/\/www.kram.de\/wp-content\/uploads\/2015\/02\/bike08-212x150.jpg 212w, http:\/\/www.kram.de\/wp-content\/uploads\/2015\/02\/bike08-150x106.jpg 150w\" sizes=\"auto, (max-width: 300px) 100vw, 300px\" \/><\/a><\/figure>\n<\/div>\n\n\n<hr class=\"wp-block-separator has-css-opacity\"\/>\n\n\n\n<p><strong>Nr. 7:<\/strong> Yamaha XJ650, Bj. 1981, 71 PS, 12-1991 defekt gekauft mit 28.500 km, general\u00fcberholt und Verkleidung gekauft, 05-1992 verkauft mit 29.000 km.<br><strong>Fazit:<\/strong> exotische Renovierung, die mir aber dann keinen Spa\u00df machte<\/p>\n\n\n<div class=\"wp-block-image\">\n<figure class=\"aligncenter\"><a href=\"http:\/\/www.kram.de\/wp-content\/uploads\/2015\/02\/bike07.jpg\"><img loading=\"lazy\" decoding=\"async\" width=\"300\" height=\"244\" src=\"http:\/\/www.kram.de\/wp-content\/uploads\/2015\/02\/bike07.jpg\" alt=\"bike07\" class=\"wp-image-174\" srcset=\"http:\/\/www.kram.de\/wp-content\/uploads\/2015\/02\/bike07.jpg 300w, http:\/\/www.kram.de\/wp-content\/uploads\/2015\/02\/bike07-184x150.jpg 184w, http:\/\/www.kram.de\/wp-content\/uploads\/2015\/02\/bike07-150x122.jpg 150w\" sizes=\"auto, (max-width: 300px) 100vw, 300px\" \/><\/a><\/figure>\n<\/div>\n\n\n<hr class=\"wp-block-separator has-css-opacity\"\/>\n\n\n\n<p><strong>Nr. 6:<\/strong> Honda GL 500 Silver Wing, Bj. 1983, 50 PS, 11-1990 gekauft mit 26.000 km, 06-1991 verkauft mit Unfallschaden bei 28.000 km.<br><strong>Fazit:<\/strong> die kultige G\u00fcllepumpe h\u00e4tte ich vielleicht heute noch, wenn ich nicht in einer Kurve zu schnell gewesen w\u00e4re.<\/p>\n\n\n<div class=\"wp-block-image\">\n<figure class=\"aligncenter\"><a href=\"http:\/\/www.kram.de\/wp-content\/uploads\/2015\/02\/bike06.jpg\"><img loading=\"lazy\" decoding=\"async\" width=\"300\" height=\"212\" src=\"http:\/\/www.kram.de\/wp-content\/uploads\/2015\/02\/bike06.jpg\" alt=\"bike06\" class=\"wp-image-173\" srcset=\"http:\/\/www.kram.de\/wp-content\/uploads\/2015\/02\/bike06.jpg 300w, http:\/\/www.kram.de\/wp-content\/uploads\/2015\/02\/bike06-212x150.jpg 212w, http:\/\/www.kram.de\/wp-content\/uploads\/2015\/02\/bike06-150x106.jpg 150w\" sizes=\"auto, (max-width: 300px) 100vw, 300px\" \/><\/a><\/figure>\n<\/div>\n\n\n<hr class=\"wp-block-separator has-css-opacity\"\/>\n\n\n\n<p><strong>Nr. 5:<\/strong> Kawasaki EN450LTD, Bj. 1987, 50 PS, 05-1990 gekauft mit 5.300 km, 10-1990 verlauft mit 12.000 km.<br><strong>Fazit:<\/strong> flotter Softchopper, aber f\u00fcr meine Statur unbequeme Sitzposition<\/p>\n\n\n<div class=\"wp-block-image\">\n<figure class=\"aligncenter\"><a href=\"http:\/\/www.kram.de\/wp-content\/uploads\/2015\/02\/bike05.jpg\"><img loading=\"lazy\" decoding=\"async\" width=\"300\" height=\"218\" src=\"http:\/\/www.kram.de\/wp-content\/uploads\/2015\/02\/bike05.jpg\" alt=\"bike05\" class=\"wp-image-172\" srcset=\"http:\/\/www.kram.de\/wp-content\/uploads\/2015\/02\/bike05.jpg 300w, http:\/\/www.kram.de\/wp-content\/uploads\/2015\/02\/bike05-206x150.jpg 206w, http:\/\/www.kram.de\/wp-content\/uploads\/2015\/02\/bike05-150x109.jpg 150w\" sizes=\"auto, (max-width: 300px) 100vw, 300px\" \/><\/a><\/figure>\n<\/div>\n\n\n<hr class=\"wp-block-separator has-css-opacity\"\/>\n\n\n\n<p><strong>Nr. 4:<\/strong> Kawasaki GT550, Bj. 1985, 50 PS, 10-1988 gekauft mit 18.800 km, Scheibe und Koffer investiert, 05-1990 verkauft mit 28.500 km.<br><strong>Fazit:<\/strong> guter Allrounder &#8211; meine erste mit Kardan (danach nie mehr Kette bis 2022)<\/p>\n\n\n<div class=\"wp-block-image\">\n<figure class=\"aligncenter\"><a href=\"http:\/\/www.kram.de\/wp-content\/uploads\/2015\/02\/bike04.jpg\"><img loading=\"lazy\" decoding=\"async\" width=\"300\" height=\"216\" src=\"http:\/\/www.kram.de\/wp-content\/uploads\/2015\/02\/bike04.jpg\" alt=\"bike04\" class=\"wp-image-171\" srcset=\"http:\/\/www.kram.de\/wp-content\/uploads\/2015\/02\/bike04.jpg 300w, http:\/\/www.kram.de\/wp-content\/uploads\/2015\/02\/bike04-208x150.jpg 208w, http:\/\/www.kram.de\/wp-content\/uploads\/2015\/02\/bike04-150x108.jpg 150w\" sizes=\"auto, (max-width: 300px) 100vw, 300px\" \/><\/a><\/figure>\n<\/div>\n\n\n<hr class=\"wp-block-separator has-css-opacity\"\/>\n\n\n\n<p><strong>Nr. 3:<\/strong> Kawasaki Z440LTD Kette, Bj. 1981, 36 PS, 09-1985 gekauft mit 20.000 km, 04-1989 verkauft mit 38.000 km.<br><strong>Fazit:<\/strong> unkompliziertes Arbeitstier &#8211; viele sch\u00f6ne Touren<\/p>\n\n\n<div class=\"wp-block-image\">\n<figure class=\"aligncenter\"><a href=\"http:\/\/www.kram.de\/wp-content\/uploads\/2015\/02\/bike03.jpg\"><img loading=\"lazy\" decoding=\"async\" width=\"300\" height=\"200\" src=\"http:\/\/www.kram.de\/wp-content\/uploads\/2015\/02\/bike03.jpg\" alt=\"bike03\" class=\"wp-image-170\" srcset=\"http:\/\/www.kram.de\/wp-content\/uploads\/2015\/02\/bike03.jpg 300w, http:\/\/www.kram.de\/wp-content\/uploads\/2015\/02\/bike03-225x150.jpg 225w, http:\/\/www.kram.de\/wp-content\/uploads\/2015\/02\/bike03-150x100.jpg 150w\" sizes=\"auto, (max-width: 300px) 100vw, 300px\" \/><\/a><\/figure>\n<\/div>\n\n\n<hr class=\"wp-block-separator has-css-opacity\"\/>\n\n\n\n<p><strong>Nr. 2:<\/strong> Yamaha RD250LC, 27 PS, 07-1984 gekauft mit 6.200 km, 09-1984 Totalschaden mit 9.000 km (Vorfahrt innerorts durch PKW genommen).<br><strong>Fazit:<\/strong> Nur schnell macht damit Spa\u00df &#8211; geht gut, aber s\u00e4uft wie ein Loch.<\/p>\n\n\n<div class=\"wp-block-image\">\n<figure class=\"aligncenter\"><a href=\"http:\/\/www.kram.de\/wp-content\/uploads\/2015\/02\/bike02.jpg\"><img loading=\"lazy\" decoding=\"async\" width=\"300\" height=\"187\" src=\"http:\/\/www.kram.de\/wp-content\/uploads\/2015\/02\/bike02.jpg\" alt=\"bike02\" class=\"wp-image-169\" srcset=\"http:\/\/www.kram.de\/wp-content\/uploads\/2015\/02\/bike02.jpg 300w, http:\/\/www.kram.de\/wp-content\/uploads\/2015\/02\/bike02-241x150.jpg 241w, http:\/\/www.kram.de\/wp-content\/uploads\/2015\/02\/bike02-150x94.jpg 150w\" sizes=\"auto, (max-width: 300px) 100vw, 300px\" \/><\/a><\/figure>\n<\/div>\n\n\n<hr class=\"wp-block-separator has-css-opacity\"\/>\n\n\n\n<p><strong>Nr. 1:<\/strong> Yamaha SR250SE, 17 PS, 09-1983 neu gekauft, 07-1984 mit 2.800 km in Zahlung gegeben, nach dem auf Garantie 3 kapitale Motorsch\u00e4den repariert wurden.<br><strong>Fazit:<\/strong> Viel gelernt als Anf\u00e4nger &#8211; der Motor ist eine Fehlkonstruktion.<\/p>\n\n\n<div class=\"wp-block-image\">\n<figure class=\"aligncenter\"><a href=\"http:\/\/www.kram.de\/wp-content\/uploads\/2015\/02\/bike01.jpg\"><img loading=\"lazy\" decoding=\"async\" width=\"300\" height=\"204\" src=\"http:\/\/www.kram.de\/wp-content\/uploads\/2015\/02\/bike01.jpg\" alt=\"bike01\" class=\"wp-image-168\" srcset=\"http:\/\/www.kram.de\/wp-content\/uploads\/2015\/02\/bike01.jpg 300w, http:\/\/www.kram.de\/wp-content\/uploads\/2015\/02\/bike01-221x150.jpg 221w, http:\/\/www.kram.de\/wp-content\/uploads\/2015\/02\/bike01-150x102.jpg 150w\" sizes=\"auto, (max-width: 300px) 100vw, 300px\" \/><\/a><\/figure>\n<\/div>","protected":false},"excerpt":{"rendered":"<p>Nr. 16, auf der Messe 2022 in K\u00f6ln hat sie auf Anhieb meine volle Aufmerksamkeit auf sich gezogen. Gewichtsm\u00e4\u00dfig mit 235 kg genau zwischen Nr. 14 und 15, Semi-Aktives \u00d6hlins-Fahrwerk, die erste Guzzi nach 100 Jahren Firmengeschichte mit Wasserk\u00fchlung und um 90\u00b0 gedrehte Zylinderk\u00f6pfe. Neu gekauft im Juni 2023 in \u2026 <a class=\"continue-reading-link\" href=\"http:\/\/www.kram.de\/?page_id=136\"> Continue reading <span class=\"meta-nav\">&rarr; <\/span><\/a><\/p>\n","protected":false},"author":1,"featured_media":0,"parent":134,"menu_order":1,"comment_status":"closed","ping_status":"closed","template":"template-onecolumn.php","meta":{"footnotes":""},"class_list":["post-136","page","type-page","status-publish","hentry"],"_links":{"self":[{"href":"http:\/\/www.kram.de\/index.php?rest_route=\/wp\/v2\/pages\/136","targetHints":{"allow":["GET"]}}],"collection":[{"href":"http:\/\/www.kram.de\/index.php?rest_route=\/wp\/v2\/pages"}],"about":[{"href":"http:\/\/www.kram.de\/index.php?rest_route=\/wp\/v2\/types\/page"}],"author":[{"embeddable":true,"href":"http:\/\/www.kram.de\/index.php?rest_route=\/wp\/v2\/users\/1"}],"replies":[{"embeddable":true,"href":"http:\/\/www.kram.de\/index.php?rest_route=%2Fwp%2Fv2%2Fcomments&post=136"}],"version-history":[{"count":22,"href":"http:\/\/www.kram.de\/index.php?rest_route=\/wp\/v2\/pages\/136\/revisions"}],"predecessor-version":[{"id":620,"href":"http:\/\/www.kram.de\/index.php?rest_route=\/wp\/v2\/pages\/136\/revisions\/620"}],"up":[{"embeddable":true,"href":"http:\/\/www.kram.de\/index.php?rest_route=\/wp\/v2\/pages\/134"}],"wp:attachment":[{"href":"http:\/\/www.kram.de\/index.php?rest_route=%2Fwp%2Fv2%2Fmedia&parent=136"}],"curies":[{"name":"wp","href":"https:\/\/api.w.org\/{rel}","templated":true}]}}