{"id":157,"date":"2015-02-20T08:23:54","date_gmt":"2015-02-20T07:23:54","guid":{"rendered":"http:\/\/www.kram.de\/?page_id=157"},"modified":"2023-07-11T16:27:36","modified_gmt":"2023-07-11T14:27:36","slug":"firma-pca","status":"publish","type":"page","link":"http:\/\/www.kram.de\/?page_id=157","title":{"rendered":"Firma PCA"},"content":{"rendered":"<p>Im Mai 1990 w\u00e4hrend meines Studiums gegr\u00fcndet, besch\u00e4ftigt sich die Firma PC-Anwendungen Volker Kram mit verschiedensten Bereichen der IT\/ EDV-Branche:<\/p>\n<ul>\n<li>Hauptgesch\u00e4ftszweig ist die Dienstleistung im Bereich Volksl\u00e4ufe und Triathlon. Von der Stellung des Anmeldeportals \u00fcber die Zeitnahme und Auswertung vor Ort bis hin zur Ver\u00f6ffentlichung der Ergebnisse und Online-Urkunden wird hierbei alles abgedeckt. Mehr dazu auf meiner separaten Internetseite <a href=\"http:\/\/www.ergebnisliste.de\" target=\"_blank\" rel=\"noopener\">www.ergebnisliste.de<\/a>.<\/li>\n<li>Nur noch f\u00fcr alte Stammkunden, Neukunden werden seit 2021 in der Regel abgelehnt = Service von IT-Hard- und Software und allem was dazu geh\u00f6rt (fester Kundenstamm, haupts\u00e4chlich gewerblich)\n<ul>\n<li>PCs\/ Notebooks auf Windows-Basis<\/li>\n<li>Netzwerke (LAN, DLAN, WLAN)<\/li>\n<li>Router, xDSL- und Kabelmodem- Anschl\u00fcsse<\/li>\n<\/ul>\n<\/li>\n<li>Nur noch f\u00fcr alte Stammkunden, Neukunden werden seit 2021 in der Regel abgelehnt = Ersterstellung und auf Wunsch auch Betreuung von Internetseiten auf <a href=\"http:\/\/de.wikipedia.org\/wiki\/Content-Management-System\" target=\"_blank\" rel=\"noopener\">CMS-Basis<\/a> inklusive Schulung f\u00fcr die Betreiber, um diesen die Eigenpflege ihrer Seiten zu erm\u00f6glichen:\n<ul>\n<li>auf der Basis von <a href=\"http:\/\/wpde.org\/\" target=\"_blank\" rel=\"noopener\">WordPress<\/a> (schnell, einfacher Umgang) &#8211; hier ein paar Beispiele:\n<ul>\n<li>diese Seite hier (www.kram.de)<\/li>\n<li>Demo-Seite f\u00fcr Sportvereine (<a href=\"http:\/\/www.wordpress.kram.de\" target=\"_blank\" rel=\"noopener\">www.wordpress.kram.de<\/a>)<\/li>\n<li>Vereinsseiten wie <a href=\"http:\/\/www.tuswallmerod.de\/\" target=\"_blank\" rel=\"noopener\">www.tuswallmerod.de<\/a>, <a href=\"http:\/\/www.sc-oberlahn.de\/\" target=\"_blank\" rel=\"noopener\">www.sc-oberlahn.de<\/a>, <a href=\"http:\/\/www.sportstudio-montabaur.de\" target=\"_blank\" rel=\"noopener\">www.sportstudio-montabaur.de<\/a><\/li>\n<li>Kleinprojekte wie <a href=\"http:\/\/www.haarakzente.de\/\" target=\"_blank\" rel=\"noopener\">www.haarakzente.de<\/a><\/li>\n<\/ul>\n<\/li>\n<li>auf der Basis von <a href=\"http:\/\/www.joomla.de\/\" target=\"_blank\" rel=\"noopener\">Joomla<\/a> (komplizierter als WordPress f\u00fcr aufwendigere Internetseiten. Es werden keine Joomla-Neuprojekte mehr angenommen ab 2021) &#8211; hier ein paar Beispiele:\n<ul>\n<li><a href=\"http:\/\/www.kleinkunst-mons-tabor.de\/\" target=\"_blank\" rel=\"noopener\">www.kleinkunst-mons-tabor.de<\/a><\/li>\n<li><a href=\"http:\/\/www.ergebnisliste.de\" target=\"_blank\" rel=\"noopener\">www.ergebnisliste.de<\/a><\/li>\n<\/ul>\n<\/li>\n<\/ul>\n<\/li>\n<\/ul>\n<hr \/>\n<p>Aus der Vergangenheit &#8211; Sonderprojekt Koordinatenumrechnung:<\/p>\n<p>Ich stand 2003 vor der Problemstellung, gr\u00f6\u00dfere Mengen von geod\u00e4tischen Koordinaten (Grad &#8211; Minuten &#8211; Sekunden) in Gau\u00df-Kr\u00fcger Koordinaten (Hochwert &#8211; Rechtswert) umzurechnen und umgekehrt. Aus Formeln, die ich im Internet fand habe ich dazu eine Excel &#8211; Tabelle entwickelt. F\u00fcr meine Bed\u00fcrfnisse damals hat es gereicht &#8211; ich kann aber f\u00fcr die Richtigkeit keine Garantien geben.<\/p>\n<p>Im Dezember 2004 hat Herr Hans-Joachim Kluge aus Kamenz mit Hilfe meiner Tabelle ein kleines EXE-Programm geschrieben zur Umwandlung von einzelnen Koordinatens\u00e4tzen. Er hat es mir freundlicher Weise zur Verf\u00fcgung gestellt.<\/p>\n<p>Die Excel-Datei und die ausf\u00fchrbare EXE-Datei k\u00f6nnt Ihr hier runter laden (die Excel-Datei darf frei weitergegeben und beliebig ver\u00e4ndert werden): <a href=\"http:\/\/www.kram.de\/wp-content\/uploads\/2018\/09\/koordinatenumrechnung.zip\">koordinatenumrechnung.zip<\/a><\/p>\n","protected":false},"excerpt":{"rendered":"<p>Im Mai 1990 w\u00e4hrend meines Studiums gegr\u00fcndet, besch\u00e4ftigt sich die Firma PC-Anwendungen Volker Kram mit verschiedensten Bereichen der IT\/ EDV-Branche: Hauptgesch\u00e4ftszweig ist die Dienstleistung im Bereich Volksl\u00e4ufe und Triathlon. Von der Stellung des Anmeldeportals \u00fcber die Zeitnahme und Auswertung vor Ort bis hin zur Ver\u00f6ffentlichung der Ergebnisse und Online-Urkunden wird \u2026 <a class=\"continue-reading-link\" href=\"http:\/\/www.kram.de\/?page_id=157\"> Continue reading <span class=\"meta-nav\">&rarr; <\/span><\/a><\/p>\n","protected":false},"author":1,"featured_media":0,"parent":0,"menu_order":2,"comment_status":"closed","ping_status":"closed","template":"","meta":{"footnotes":""},"class_list":["post-157","page","type-page","status-publish","hentry"],"_links":{"self":[{"href":"http:\/\/www.kram.de\/index.php?rest_route=\/wp\/v2\/pages\/157","targetHints":{"allow":["GET"]}}],"collection":[{"href":"http:\/\/www.kram.de\/index.php?rest_route=\/wp\/v2\/pages"}],"about":[{"href":"http:\/\/www.kram.de\/index.php?rest_route=\/wp\/v2\/types\/page"}],"author":[{"embeddable":true,"href":"http:\/\/www.kram.de\/index.php?rest_route=\/wp\/v2\/users\/1"}],"replies":[{"embeddable":true,"href":"http:\/\/www.kram.de\/index.php?rest_route=%2Fwp%2Fv2%2Fcomments&post=157"}],"version-history":[{"count":11,"href":"http:\/\/www.kram.de\/index.php?rest_route=\/wp\/v2\/pages\/157\/revisions"}],"predecessor-version":[{"id":618,"href":"http:\/\/www.kram.de\/index.php?rest_route=\/wp\/v2\/pages\/157\/revisions\/618"}],"wp:attachment":[{"href":"http:\/\/www.kram.de\/index.php?rest_route=%2Fwp%2Fv2%2Fmedia&parent=157"}],"curies":[{"name":"wp","href":"https:\/\/api.w.org\/{rel}","templated":true}]}}